{"id":157,"date":"2019-10-10T15:25:06","date_gmt":"2019-10-10T19:25:06","guid":{"rendered":"http:\/\/jessytom.mediaprimweb.com\/?page_id=157"},"modified":"2021-02-25T13:56:41","modified_gmt":"2021-02-25T18:56:41","slug":"contact","status":"publish","type":"page","link":"https:\/\/constructionmasterdesign.com\/en\/contact\/","title":{"rendered":"Contact"},"content":{"rendered":"<p>[et_pb_section fb_built=&#8221;1&#8243; admin_label=&#8221;Hero section&#8221; _builder_version=&#8221;4.0&#8243; background_enable_color=&#8221;off&#8221; use_background_color_gradient=&#8221;on&#8221; background_color_gradient_start=&#8221;rgba(0,0,0,0.85)&#8221; background_color_gradient_end=&#8221;rgba(0,0,0,0.35)&#8221; background_color_gradient_start_position=&#8221;10%&#8221; background_color_gradient_overlays_image=&#8221;on&#8221; background_image=&#8221;https:\/\/constructionmasterdesign.com\/wp-content\/uploads\/jessy-tom-construction_Header-Contact-01.jpg&#8221; background_position=&#8221;top_center&#8221; custom_margin=&#8221;||||false|false&#8221; custom_padding=&#8221;||18%||false|false&#8221;][et_pb_row column_structure=&#8221;2_3,1_3&#8243; _builder_version=&#8221;3.25&#8243; custom_margin=&#8221;|||&#8221;][et_pb_column type=&#8221;2_3&#8243; _builder_version=&#8221;3.25&#8243; custom_padding=&#8221;1px|||&#8221; custom_padding__hover=&#8221;|||&#8221;][et_pb_text _builder_version=&#8221;4.9.0&#8243; text_font=&#8221;||||||||&#8221; text_font_size=&#8221;18px&#8221; header_font=&#8221;|600|||||||&#8221; background_layout=&#8221;dark&#8221; custom_margin=&#8221;||40px|&#8221; animation_style=&#8221;fold&#8221; header_font_size_tablet=&#8221;46px&#8221; header_font_size_phone=&#8221;&#8221; header_font_size_last_edited=&#8221;on|tablet&#8221;]<\/p>\n<h1>Contact us<\/h1>\n<p><span>You can trust us with any type of project. Our personalized approach and attention to detail make for a most pleasant experience.<\/span><\/p>\n<p>[\/et_pb_text][\/et_pb_column][et_pb_column type=&#8221;1_3&#8243; _builder_version=&#8221;3.25&#8243; custom_padding=&#8221;|||&#8221; custom_padding__hover=&#8221;|||&#8221;][\/et_pb_column][\/et_pb_row][\/et_pb_section][et_pb_section fb_built=&#8221;1&#8243; fullwidth=&#8221;on&#8221; _builder_version=&#8221;3.29.3&#8243;][et_pb_fullwidth_image src=&#8221;https:\/\/constructionmasterdesign.com\/wp-content\/uploads\/jessy-tom-construction-gold-banner-04.jpg&#8221; _builder_version=&#8221;3.29.3&#8243;][\/et_pb_fullwidth_image][\/et_pb_section][et_pb_section fb_built=&#8221;1&#8243; _builder_version=&#8221;4.0&#8243; background_color=&#8221;#ffffff&#8221; use_background_color_gradient=&#8221;on&#8221; background_color_gradient_start=&#8221;#ffffff&#8221; background_color_gradient_end=&#8221;\/rgba(0,0,0,0.1)&#8221; background_color_gradient_start_position=&#8221;50%&#8221; custom_padding=&#8221;54px|0px|100px|0px&#8221;][et_pb_row column_structure=&#8221;2_3,1_3&#8243; use_custom_gutter=&#8221;on&#8221; gutter_width=&#8221;1&#8243; admin_label=&#8221;Contact&#8221; _builder_version=&#8221;4.9.0&#8243; background_color_gradient_direction=&#8221;90deg&#8221; background_position=&#8221;top_left&#8221; custom_margin=&#8221;-10%|||&#8221; custom_padding=&#8221;0px|0px|0px|0px&#8221; animation_style=&#8221;slide&#8221; animation_direction=&#8221;bottom&#8221; animation_intensity_slide=&#8221;4%&#8221; hover_enabled=&#8221;0&#8243; border_radii=&#8221;on|15px|15px|15px|15px&#8221; box_shadow_style=&#8221;preset3&#8243; box_shadow_vertical=&#8221;58px&#8221; box_shadow_blur=&#8221;58px&#8221; box_shadow_color=&#8221;rgba(0,0,0,0.1)&#8221; title_text=&#8221;Const-JT-Background&#8221; background_image=&#8221;https:\/\/constructionmasterdesign.com\/wp-content\/uploads\/Const-JT-Background.jpg&#8221; sticky_enabled=&#8221;0&#8243;][et_pb_column type=&#8221;2_3&#8243; _builder_version=&#8221;3.25&#8243; custom_padding=&#8221;|||&#8221; custom_padding__hover=&#8221;|||&#8221;][et_pb_text _builder_version=&#8221;4.9.0&#8243; _module_preset=&#8221;default&#8221; hover_enabled=&#8221;0&#8243; sticky_enabled=&#8221;0&#8243; custom_padding=&#8221;50px|||50px|false|false&#8221;]<\/p>\n<h1><span style=\"color: #ffcc00;\">Trust us with your project\u2026<\/span><\/h1>\n<p>&nbsp;<\/p>\n<ul>\n<li>\n<h3><span style=\"color: #ffffff;\">Renovation<\/span><\/h3>\n<\/li>\n<li>\n<h3><span style=\"color: #ffffff;\">Kitchen and bathroom<\/span><\/h3>\n<\/li>\n<li>\n<h3><span style=\"color: #ffffff;\">Extension<\/span><\/h3>\n<\/li>\n<li>\n<h3><span style=\"color: #ffffff;\">Roofing<\/span><\/h3>\n<\/li>\n<li>\n<h3><span style=\"color: #ffffff;\">Siding<\/span><\/h3>\n<\/li>\n<li>\n<h3><span style=\"color: #ffffff;\">Doors and windows<\/span><\/h3>\n<\/li>\n<li>\n<h3><span style=\"color: #ffffff;\">Flooring\/Ceramic<\/span><\/h3>\n<\/li>\n<li>\n<h3><span style=\"color: #ffffff;\">Plaster and paint<\/span><\/h3>\n<\/li>\n<li>\n<h3><span style=\"color: #ffffff;\">Commercial<\/span><\/h3>\n<\/li>\n<li>\n<h3><span style=\"color: #ffffff;\">And more&#8230;<\/span><\/h3>\n<\/li>\n<\/ul>\n<p>[\/et_pb_text][\/et_pb_column][et_pb_column type=&#8221;1_3&#8243; _builder_version=&#8221;4.0&#8243; use_background_color_gradient=&#8221;on&#8221; background_color_gradient_start=&#8221;rgba(0,0,0,0.65)&#8221; background_color_gradient_end=&#8221;rgba(206,169,86,0.9)&#8221; background_color_gradient_start_position=&#8221;25%&#8221; background_color_gradient_overlays_image=&#8221;on&#8221; background_image=&#8221;https:\/\/constructionmasterdesign.com\/wp-content\/uploads\/architect-firm-14.jpg&#8221; custom_padding=&#8221;70px||310px|&#8221; custom_padding__hover=&#8221;|||&#8221;][et_pb_text _builder_version=&#8221;4.9.0&#8243; text_font=&#8221;Roboto||||||||&#8221; text_line_height=&#8221;1.8em&#8221; header_font=&#8221;||||||||&#8221; header_2_font=&#8221;Lato|700|||||||&#8221; header_2_font_size=&#8221;32px&#8221; header_2_line_height=&#8221;1.4em&#8221; background_layout=&#8221;dark&#8221; custom_margin=&#8221;|||&#8221; custom_padding=&#8221;|||40px&#8221;]<\/p>\n<h2>Talk to us<\/h2>\n<p>Jessy Tom<\/p>\n<h3><strong>418-573-8844<\/strong><\/h3>\n<p><a href=\"mailto:info@constructionmasterdesign.com\">info@constructionmasterdesign.com<\/a><\/p>\n<p>[\/et_pb_text][et_pb_text _builder_version=&#8221;4.9.0&#8243; _module_preset=&#8221;default&#8221; custom_margin=&#8221;30px|||40px|false|false&#8221;]<\/p>\n<p><span style=\"color: #ffffff;\"><strong>RBQ Licence: 5788-0106-01<\/strong><\/span><\/p>\n<p>[\/et_pb_text][\/et_pb_column][\/et_pb_row][\/et_pb_section]<\/p>\n","protected":false},"excerpt":{"rendered":"<p>Contact us You can trust us with any type of project. Our personalized approach and attention to detail make for a most pleasant experience.Trust us with your project\u2026 &nbsp; Renovation Kitchen and bathroom Extension Roofing Siding Doors and windows Flooring\/Ceramic Plaster and paint Commercial And more&#8230; Talk to us Jessy Tom 418-573-8844 info@constructionmasterdesign.comRBQ Licence: 5788-0106-01<\/p>\n","protected":false},"author":2,"featured_media":0,"parent":0,"menu_order":0,"comment_status":"closed","ping_status":"closed","template":"","meta":{"_et_pb_use_builder":"on","_et_pb_old_content":"","_et_gb_content_width":"","footnotes":""},"class_list":["post-157","page","type-page","status-publish","hentry"],"yoast_head":"<!-- This site is optimized with the Yoast SEO plugin v27.3 - https:\/\/yoast.com\/product\/yoast-seo-wordpress\/ -->\n<title>Contact - Construction Master Design | Entrepreneur g\u00e9n\u00e9ral | R\u00e9sidentiel | Commercial | Planchers d&#039;\u00e9poxy | Industriel<\/title>\n<meta name=\"description\" content=\"Construction Master Design est une compagnie d\u2019exp\u00e9rience, de qualit\u00e9 et de confiance. Entrepreneur g\u00e9n\u00e9ral r\u00e9sidentiel et commercial vous assurant une excellente gestion budg\u00e9taire ainsi qu\u2019un suivi cons\u00e9quent et professionnel. Petit ou grand projet, soyez certain que nous serons \u00e0 vos c\u00f4t\u00e9s tout au long de celui-ci, ainsi que lors du suivi apr\u00e8s-vente qui est tout aussi important pour nous. Nous d\u00e9sirons votre satisfaction absolue et aspirons \u00e0 vous surprendre en tout point.\" \/>\n<meta name=\"robots\" content=\"index, follow, max-snippet:-1, max-image-preview:large, max-video-preview:-1\" \/>\n<link rel=\"canonical\" href=\"https:\/\/constructionmasterdesign.com\/en\/contact\/\" \/>\n<meta property=\"og:locale\" content=\"en_US\" \/>\n<meta property=\"og:type\" content=\"article\" \/>\n<meta property=\"og:title\" content=\"Contact - Construction Master Design | Entrepreneur g\u00e9n\u00e9ral | R\u00e9sidentiel | Commercial | Planchers d&#039;\u00e9poxy | Industriel\" \/>\n<meta property=\"og:description\" content=\"Construction Master Design est une compagnie d\u2019exp\u00e9rience, de qualit\u00e9 et de confiance. Entrepreneur g\u00e9n\u00e9ral r\u00e9sidentiel et commercial vous assurant une excellente gestion budg\u00e9taire ainsi qu\u2019un suivi cons\u00e9quent et professionnel. Petit ou grand projet, soyez certain que nous serons \u00e0 vos c\u00f4t\u00e9s tout au long de celui-ci, ainsi que lors du suivi apr\u00e8s-vente qui est tout aussi important pour nous. Nous d\u00e9sirons votre satisfaction absolue et aspirons \u00e0 vous surprendre en tout point.\" \/>\n<meta property=\"og:url\" content=\"https:\/\/constructionmasterdesign.com\/en\/contact\/\" \/>\n<meta property=\"og:site_name\" content=\"Construction Master Design | Entrepreneur g\u00e9n\u00e9ral | R\u00e9sidentiel | Commercial | Planchers d&#039;\u00e9poxy | Industriel\" \/>\n<meta property=\"article:publisher\" content=\"https:\/\/www.facebook.com\/Construction-Master-Design-102760078108164\" \/>\n<meta property=\"article:modified_time\" content=\"2021-02-25T18:56:41+00:00\" \/>\n<meta property=\"og:image\" content=\"https:\/\/constructionmasterdesign.com\/wp-content\/uploads\/jessy-tom-construction-slider-home-01.jpg\" \/>\n\t<meta property=\"og:image:width\" content=\"1200\" \/>\n\t<meta property=\"og:image:height\" content=\"600\" \/>\n\t<meta property=\"og:image:type\" content=\"image\/jpeg\" \/>\n<meta name=\"twitter:card\" content=\"summary_large_image\" \/>\n<meta name=\"twitter:label1\" content=\"Est. reading time\" \/>\n\t<meta name=\"twitter:data1\" content=\"3 minutes\" \/>\n<script type=\"application\/ld+json\" class=\"yoast-schema-graph\">{\"@context\":\"https:\\\/\\\/schema.org\",\"@graph\":[{\"@type\":\"WebPage\",\"@id\":\"https:\\\/\\\/constructionmasterdesign.com\\\/en\\\/contact\\\/\",\"url\":\"https:\\\/\\\/constructionmasterdesign.com\\\/en\\\/contact\\\/\",\"name\":\"Contact - Construction Master Design | Entrepreneur g\u00e9n\u00e9ral | R\u00e9sidentiel | Commercial | Planchers d&#039;\u00e9poxy | Industriel\",\"isPartOf\":{\"@id\":\"https:\\\/\\\/constructionmasterdesign.com\\\/#website\"},\"datePublished\":\"2019-10-10T19:25:06+00:00\",\"dateModified\":\"2021-02-25T18:56:41+00:00\",\"description\":\"Construction Master Design est une compagnie d\u2019exp\u00e9rience, de qualit\u00e9 et de confiance. Entrepreneur g\u00e9n\u00e9ral r\u00e9sidentiel et commercial vous assurant une excellente gestion budg\u00e9taire ainsi qu\u2019un suivi cons\u00e9quent et professionnel. Petit ou grand projet, soyez certain que nous serons \u00e0 vos c\u00f4t\u00e9s tout au long de celui-ci, ainsi que lors du suivi apr\u00e8s-vente qui est tout aussi important pour nous. Nous d\u00e9sirons votre satisfaction absolue et aspirons \u00e0 vous surprendre en tout point.\",\"breadcrumb\":{\"@id\":\"https:\\\/\\\/constructionmasterdesign.com\\\/en\\\/contact\\\/#breadcrumb\"},\"inLanguage\":\"en-US\",\"potentialAction\":[{\"@type\":\"ReadAction\",\"target\":[\"https:\\\/\\\/constructionmasterdesign.com\\\/en\\\/contact\\\/\"]}]},{\"@type\":\"BreadcrumbList\",\"@id\":\"https:\\\/\\\/constructionmasterdesign.com\\\/en\\\/contact\\\/#breadcrumb\",\"itemListElement\":[{\"@type\":\"ListItem\",\"position\":1,\"name\":\"Accueil\",\"item\":\"https:\\\/\\\/constructionmasterdesign.com\\\/en\\\/\"},{\"@type\":\"ListItem\",\"position\":2,\"name\":\"Contact\"}]},{\"@type\":\"WebSite\",\"@id\":\"https:\\\/\\\/constructionmasterdesign.com\\\/#website\",\"url\":\"https:\\\/\\\/constructionmasterdesign.com\\\/\",\"name\":\"Construction Master Design | Entrepreneur g\u00e9n\u00e9ral | R\u00e9sidentiel | Commercial | Planchers d&#039;\u00e9poxy | Industriel\",\"description\":\"Construction Master Design est une compagnie d\u2019exp\u00e9rience, de qualit\u00e9 et de confiance. Entrepreneur g\u00e9n\u00e9ral r\u00e9sidentiel et commercial, vous assurant une excellente gestion budg\u00e9taire ainsi qu\u2019un suivi cons\u00e9quent et professionnel. Petit ou grand projet, soyez certain que nous serons \u00e0 vos c\u00f4t\u00e9s tout au long de celui-ci, ainsi que lors du suivi apr\u00e8s-vente qui est tout aussi important pour nous. Nous d\u00e9sirons votre satisfaction absolue et aspirons \u00e0 vous surprendre en tout point.\",\"publisher\":{\"@id\":\"https:\\\/\\\/constructionmasterdesign.com\\\/#organization\"},\"potentialAction\":[{\"@type\":\"SearchAction\",\"target\":{\"@type\":\"EntryPoint\",\"urlTemplate\":\"https:\\\/\\\/constructionmasterdesign.com\\\/?s={search_term_string}\"},\"query-input\":{\"@type\":\"PropertyValueSpecification\",\"valueRequired\":true,\"valueName\":\"search_term_string\"}}],\"inLanguage\":\"en-US\"},{\"@type\":\"Organization\",\"@id\":\"https:\\\/\\\/constructionmasterdesign.com\\\/#organization\",\"name\":\"Construction Master Design\",\"url\":\"https:\\\/\\\/constructionmasterdesign.com\\\/\",\"logo\":{\"@type\":\"ImageObject\",\"inLanguage\":\"en-US\",\"@id\":\"https:\\\/\\\/constructionmasterdesign.com\\\/#\\\/schema\\\/logo\\\/image\\\/\",\"url\":\"https:\\\/\\\/constructionmasterdesign.com\\\/wp-content\\\/uploads\\\/construction-master-design_Logo-Noir.jpg\",\"contentUrl\":\"https:\\\/\\\/constructionmasterdesign.com\\\/wp-content\\\/uploads\\\/construction-master-design_Logo-Noir.jpg\",\"width\":500,\"height\":238,\"caption\":\"Construction Master Design\"},\"image\":{\"@id\":\"https:\\\/\\\/constructionmasterdesign.com\\\/#\\\/schema\\\/logo\\\/image\\\/\"},\"sameAs\":[\"https:\\\/\\\/www.facebook.com\\\/Construction-Master-Design-102760078108164\"]}]}<\/script>\n<!-- \/ Yoast SEO plugin. -->","yoast_head_json":{"title":"Contact - Construction Master Design | Entrepreneur g\u00e9n\u00e9ral | R\u00e9sidentiel | Commercial | Planchers d&#039;\u00e9poxy | Industriel","description":"Construction Master Design est une compagnie d\u2019exp\u00e9rience, de qualit\u00e9 et de confiance. Entrepreneur g\u00e9n\u00e9ral r\u00e9sidentiel et commercial vous assurant une excellente gestion budg\u00e9taire ainsi qu\u2019un suivi cons\u00e9quent et professionnel. Petit ou grand projet, soyez certain que nous serons \u00e0 vos c\u00f4t\u00e9s tout au long de celui-ci, ainsi que lors du suivi apr\u00e8s-vente qui est tout aussi important pour nous. Nous d\u00e9sirons votre satisfaction absolue et aspirons \u00e0 vous surprendre en tout point.","robots":{"index":"index","follow":"follow","max-snippet":"max-snippet:-1","max-image-preview":"max-image-preview:large","max-video-preview":"max-video-preview:-1"},"canonical":"https:\/\/constructionmasterdesign.com\/en\/contact\/","og_locale":"en_US","og_type":"article","og_title":"Contact - Construction Master Design | Entrepreneur g\u00e9n\u00e9ral | R\u00e9sidentiel | Commercial | Planchers d&#039;\u00e9poxy | Industriel","og_description":"Construction Master Design est une compagnie d\u2019exp\u00e9rience, de qualit\u00e9 et de confiance. Entrepreneur g\u00e9n\u00e9ral r\u00e9sidentiel et commercial vous assurant une excellente gestion budg\u00e9taire ainsi qu\u2019un suivi cons\u00e9quent et professionnel. Petit ou grand projet, soyez certain que nous serons \u00e0 vos c\u00f4t\u00e9s tout au long de celui-ci, ainsi que lors du suivi apr\u00e8s-vente qui est tout aussi important pour nous. Nous d\u00e9sirons votre satisfaction absolue et aspirons \u00e0 vous surprendre en tout point.","og_url":"https:\/\/constructionmasterdesign.com\/en\/contact\/","og_site_name":"Construction Master Design | Entrepreneur g\u00e9n\u00e9ral | R\u00e9sidentiel | Commercial | Planchers d&#039;\u00e9poxy | Industriel","article_publisher":"https:\/\/www.facebook.com\/Construction-Master-Design-102760078108164","article_modified_time":"2021-02-25T18:56:41+00:00","og_image":[{"width":1200,"height":600,"url":"https:\/\/constructionmasterdesign.com\/wp-content\/uploads\/jessy-tom-construction-slider-home-01.jpg","type":"image\/jpeg"}],"twitter_card":"summary_large_image","twitter_misc":{"Est. reading time":"3 minutes"},"schema":{"@context":"https:\/\/schema.org","@graph":[{"@type":"WebPage","@id":"https:\/\/constructionmasterdesign.com\/en\/contact\/","url":"https:\/\/constructionmasterdesign.com\/en\/contact\/","name":"Contact - Construction Master Design | Entrepreneur g\u00e9n\u00e9ral | R\u00e9sidentiel | Commercial | Planchers d&#039;\u00e9poxy | Industriel","isPartOf":{"@id":"https:\/\/constructionmasterdesign.com\/#website"},"datePublished":"2019-10-10T19:25:06+00:00","dateModified":"2021-02-25T18:56:41+00:00","description":"Construction Master Design est une compagnie d\u2019exp\u00e9rience, de qualit\u00e9 et de confiance. Entrepreneur g\u00e9n\u00e9ral r\u00e9sidentiel et commercial vous assurant une excellente gestion budg\u00e9taire ainsi qu\u2019un suivi cons\u00e9quent et professionnel. Petit ou grand projet, soyez certain que nous serons \u00e0 vos c\u00f4t\u00e9s tout au long de celui-ci, ainsi que lors du suivi apr\u00e8s-vente qui est tout aussi important pour nous. Nous d\u00e9sirons votre satisfaction absolue et aspirons \u00e0 vous surprendre en tout point.","breadcrumb":{"@id":"https:\/\/constructionmasterdesign.com\/en\/contact\/#breadcrumb"},"inLanguage":"en-US","potentialAction":[{"@type":"ReadAction","target":["https:\/\/constructionmasterdesign.com\/en\/contact\/"]}]},{"@type":"BreadcrumbList","@id":"https:\/\/constructionmasterdesign.com\/en\/contact\/#breadcrumb","itemListElement":[{"@type":"ListItem","position":1,"name":"Accueil","item":"https:\/\/constructionmasterdesign.com\/en\/"},{"@type":"ListItem","position":2,"name":"Contact"}]},{"@type":"WebSite","@id":"https:\/\/constructionmasterdesign.com\/#website","url":"https:\/\/constructionmasterdesign.com\/","name":"Construction Master Design | Entrepreneur g\u00e9n\u00e9ral | R\u00e9sidentiel | Commercial | Planchers d&#039;\u00e9poxy | Industriel","description":"Construction Master Design est une compagnie d\u2019exp\u00e9rience, de qualit\u00e9 et de confiance. Entrepreneur g\u00e9n\u00e9ral r\u00e9sidentiel et commercial, vous assurant une excellente gestion budg\u00e9taire ainsi qu\u2019un suivi cons\u00e9quent et professionnel. Petit ou grand projet, soyez certain que nous serons \u00e0 vos c\u00f4t\u00e9s tout au long de celui-ci, ainsi que lors du suivi apr\u00e8s-vente qui est tout aussi important pour nous. Nous d\u00e9sirons votre satisfaction absolue et aspirons \u00e0 vous surprendre en tout point.","publisher":{"@id":"https:\/\/constructionmasterdesign.com\/#organization"},"potentialAction":[{"@type":"SearchAction","target":{"@type":"EntryPoint","urlTemplate":"https:\/\/constructionmasterdesign.com\/?s={search_term_string}"},"query-input":{"@type":"PropertyValueSpecification","valueRequired":true,"valueName":"search_term_string"}}],"inLanguage":"en-US"},{"@type":"Organization","@id":"https:\/\/constructionmasterdesign.com\/#organization","name":"Construction Master Design","url":"https:\/\/constructionmasterdesign.com\/","logo":{"@type":"ImageObject","inLanguage":"en-US","@id":"https:\/\/constructionmasterdesign.com\/#\/schema\/logo\/image\/","url":"https:\/\/constructionmasterdesign.com\/wp-content\/uploads\/construction-master-design_Logo-Noir.jpg","contentUrl":"https:\/\/constructionmasterdesign.com\/wp-content\/uploads\/construction-master-design_Logo-Noir.jpg","width":500,"height":238,"caption":"Construction Master Design"},"image":{"@id":"https:\/\/constructionmasterdesign.com\/#\/schema\/logo\/image\/"},"sameAs":["https:\/\/www.facebook.com\/Construction-Master-Design-102760078108164"]}]}},"_links":{"self":[{"href":"https:\/\/constructionmasterdesign.com\/en\/wp-json\/wp\/v2\/pages\/157","targetHints":{"allow":["GET"]}}],"collection":[{"href":"https:\/\/constructionmasterdesign.com\/en\/wp-json\/wp\/v2\/pages"}],"about":[{"href":"https:\/\/constructionmasterdesign.com\/en\/wp-json\/wp\/v2\/types\/page"}],"author":[{"embeddable":true,"href":"https:\/\/constructionmasterdesign.com\/en\/wp-json\/wp\/v2\/users\/2"}],"replies":[{"embeddable":true,"href":"https:\/\/constructionmasterdesign.com\/en\/wp-json\/wp\/v2\/comments?post=157"}],"version-history":[{"count":19,"href":"https:\/\/constructionmasterdesign.com\/en\/wp-json\/wp\/v2\/pages\/157\/revisions"}],"predecessor-version":[{"id":1108,"href":"https:\/\/constructionmasterdesign.com\/en\/wp-json\/wp\/v2\/pages\/157\/revisions\/1108"}],"wp:attachment":[{"href":"https:\/\/constructionmasterdesign.com\/en\/wp-json\/wp\/v2\/media?parent=157"}],"curies":[{"name":"wp","href":"https:\/\/api.w.org\/{rel}","templated":true}]}}