{"id":1018,"date":"2021-02-10T15:22:03","date_gmt":"2021-02-10T20:22:03","guid":{"rendered":"https:\/\/constructionmasterdesign.com\/plancher-depoxy\/"},"modified":"2022-10-06T12:00:07","modified_gmt":"2022-10-06T16:00:07","slug":"epoxy-flooring","status":"publish","type":"page","link":"https:\/\/constructionmasterdesign.com\/en\/epoxy-flooring\/","title":{"rendered":"Epoxy flooring"},"content":{"rendered":"<p>[et_pb_section fb_built=&#8221;1&#8243; admin_label=&#8221;Hero section&#8221; _builder_version=&#8221;4.16&#8243; background_enable_color=&#8221;off&#8221; use_background_color_gradient=&#8221;on&#8221; background_color_gradient_stops=&#8221;rgba(0,0,0,0.85) 10%|rgba(0,0,0,0.35) 100%&#8221; background_color_gradient_overlays_image=&#8221;on&#8221; background_color_gradient_start=&#8221;rgba(0,0,0,0.85)&#8221; background_color_gradient_start_position=&#8221;10%&#8221; background_color_gradient_end=&#8221;rgba(0,0,0,0.35)&#8221; background_image=&#8221;https:\/\/constructionmasterdesign.com\/wp-content\/uploads\/master-design-construction_Epoxy_Header.jpg&#8221; background_position=&#8221;top_center&#8221; custom_margin=&#8221;||||false|false&#8221; custom_padding=&#8221;||18%||false|false&#8221; global_colors_info=&#8221;{}&#8221;][et_pb_row column_structure=&#8221;2_3,1_3&#8243; _builder_version=&#8221;4.16&#8243; custom_margin=&#8221;|||&#8221; global_colors_info=&#8221;{}&#8221;][et_pb_column type=&#8221;2_3&#8243; _builder_version=&#8221;4.16&#8243; custom_padding=&#8221;1px|||&#8221; global_colors_info=&#8221;{}&#8221; custom_padding__hover=&#8221;|||&#8221;][et_pb_text _builder_version=&#8221;4.18.0&#8243; text_font=&#8221;||||||||&#8221; text_font_size=&#8221;18px&#8221; header_font=&#8221;|600|||||||&#8221; background_layout=&#8221;dark&#8221; custom_margin=&#8221;||40px|&#8221; animation_style=&#8221;fold&#8221; header_font_size_tablet=&#8221;46px&#8221; header_font_size_phone=&#8221;&#8221; header_font_size_last_edited=&#8221;on|tablet&#8221; global_colors_info=&#8221;{}&#8221;]<\/p>\n<h1>Epoxy Project<\/h1>\n<p><span>A new trend that breaks from the ordinary. Give a stunning look to your room or your garage, kitchen or bathroom floor. Add a touch of originality to your home or transform your commercial space into a splendid showroom.<\/span><\/p>\n<p>[\/et_pb_text][\/et_pb_column][et_pb_column type=&#8221;1_3&#8243; _builder_version=&#8221;4.16&#8243; custom_padding=&#8221;|||&#8221; global_colors_info=&#8221;{}&#8221; custom_padding__hover=&#8221;|||&#8221;][\/et_pb_column][\/et_pb_row][\/et_pb_section][et_pb_section fb_built=&#8221;1&#8243; fullwidth=&#8221;on&#8221; _builder_version=&#8221;4.16&#8243; global_colors_info=&#8221;{}&#8221;][et_pb_fullwidth_image src=&#8221;https:\/\/constructionmasterdesign.com\/wp-content\/uploads\/jessy-tom-construction-gold-banner-04.jpg&#8221; _builder_version=&#8221;4.16&#8243; global_colors_info=&#8221;{}&#8221;][\/et_pb_fullwidth_image][\/et_pb_section][et_pb_section fb_built=&#8221;1&#8243; admin_label=&#8221;Featured Places&#8221; _builder_version=&#8221;4.16&#8243; background_color=&#8221;rgba(255,255,255,0.95)&#8221; use_background_color_gradient=&#8221;on&#8221; background_color_gradient_stops=&#8221;#ffffff 0%|rgba(0,0,0,0.1) 100%&#8221; background_color_gradient_start=&#8221;#ffffff&#8221; background_color_gradient_end=&#8221;rgba(0,0,0,0.1)&#8221; custom_padding=&#8221;30px|0px|29px|0px||&#8221; global_colors_info=&#8221;{}&#8221;][et_pb_row _builder_version=&#8221;4.16&#8243; custom_margin=&#8221;|auto|-2px|auto||&#8221; global_colors_info=&#8221;{}&#8221;][et_pb_column type=&#8221;4_4&#8243; _builder_version=&#8221;4.16&#8243; custom_padding=&#8221;|||&#8221; global_colors_info=&#8221;{}&#8221; custom_padding__hover=&#8221;|||&#8221;][et_pb_text _builder_version=&#8221;4.18.0&#8243; text_text_color=&#8221;#898f99&#8243; header_font=&#8221;|600|||||||&#8221; header_2_font=&#8221;Lato|700|||||||&#8221; header_2_font_size=&#8221;42px&#8221; header_2_line_height=&#8221;1.5em&#8221; header_3_font=&#8221;||||||||&#8221; text_orientation=&#8221;center&#8221; max_width=&#8221;800px&#8221; module_alignment=&#8221;center&#8221; hover_enabled=&#8221;0&#8243; global_colors_info=&#8221;{}&#8221; sticky_enabled=&#8221;0&#8243;]<\/p>\n<h1 style=\"text-align: center;\">Our achievements with epoxy<\/h1>\n<p style=\"text-align: center;\"><span>Epoxy is an affordable product that gives phenomenal results.<\/span><\/p>\n<p>[\/et_pb_text][\/et_pb_column][\/et_pb_row][et_pb_row column_structure=&#8221;1_3,1_3,1_3&#8243; _builder_version=&#8221;4.16&#8243; max_width=&#8221;1440px&#8221; custom_padding=&#8221;30px|0px|50px|0px||&#8221; use_custom_width=&#8221;on&#8221; custom_width_px=&#8221;1440px&#8221; locked=&#8221;off&#8221; global_colors_info=&#8221;{}&#8221;][et_pb_column type=&#8221;1_3&#8243; _builder_version=&#8221;4.16&#8243; background_color=&#8221;#ffffff&#8221; custom_padding=&#8221;|||&#8221; global_colors_info=&#8221;{}&#8221; custom_padding__hover=&#8221;|||&#8221;][et_pb_gallery gallery_ids=&#8221;1485,1481,1487,1483&#8243; fullwidth=&#8221;on&#8221; dbdb_version=&#8221;3.8.5&#8243; _builder_version=&#8221;4.18.0&#8243; custom_margin=&#8221;||-20px||false|false&#8221; hover_enabled=&#8221;0&#8243; global_colors_info=&#8221;{}&#8221; sticky_enabled=&#8221;0&#8243;][\/et_pb_gallery][et_pb_button button_text=&#8221;Project Photos&#8221; button_alignment=&#8221;center&#8221; _builder_version=&#8221;4.16&#8243; custom_button=&#8221;on&#8221; button_text_size=&#8221;12px&#8221; button_text_color=&#8221;#ffffff&#8221; button_bg_color=&#8221;#cea956&#8243; button_border_width=&#8221;0px&#8221; button_border_radius=&#8221;6px&#8221; button_letter_spacing=&#8221;1px&#8221; button_font=&#8221;Lato|700||on|||||&#8221; button_use_icon=&#8221;off&#8221; background_layout=&#8221;dark&#8221; custom_margin=&#8221;-20px||20px||false|false&#8221; custom_padding=&#8221;8px||8px|&#8221; animation_style=&#8221;fold&#8221; box_shadow_style=&#8221;preset3&#8243; box_shadow_color=&#8221;rgba(206,169,86,0.7)&#8221; button_letter_spacing_hover=&#8221;1px&#8221; global_colors_info=&#8221;{}&#8221; button_text_size__hover_enabled=&#8221;off&#8221; button_one_text_size__hover_enabled=&#8221;off&#8221; button_two_text_size__hover_enabled=&#8221;off&#8221; button_text_color__hover_enabled=&#8221;off&#8221; button_one_text_color__hover_enabled=&#8221;off&#8221; button_two_text_color__hover_enabled=&#8221;off&#8221; button_border_width__hover_enabled=&#8221;off&#8221; button_one_border_width__hover_enabled=&#8221;off&#8221; button_two_border_width__hover_enabled=&#8221;off&#8221; button_border_color__hover_enabled=&#8221;off&#8221; button_one_border_color__hover_enabled=&#8221;off&#8221; button_two_border_color__hover_enabled=&#8221;off&#8221; button_border_radius__hover_enabled=&#8221;off&#8221; button_one_border_radius__hover_enabled=&#8221;off&#8221; button_two_border_radius__hover_enabled=&#8221;off&#8221; button_letter_spacing__hover_enabled=&#8221;on&#8221; button_letter_spacing__hover=&#8221;1px&#8221; button_one_letter_spacing__hover_enabled=&#8221;off&#8221; button_two_letter_spacing__hover_enabled=&#8221;off&#8221; button_bg_color__hover_enabled=&#8221;off&#8221; button_one_bg_color__hover_enabled=&#8221;off&#8221; button_two_bg_color__hover_enabled=&#8221;off&#8221;][\/et_pb_button][et_pb_text _builder_version=&#8221;4.18.0&#8243; text_font=&#8221;||||||||&#8221; text_text_color=&#8221;#898f99&#8243; link_font=&#8221;||||||||&#8221; link_text_color=&#8221;#3c39e6&#8243; header_font=&#8221;||||||||&#8221; header_2_font=&#8221;||||||||&#8221; header_3_font=&#8221;||||||||&#8221; header_4_font=&#8221;Lato|700|||||||&#8221; header_4_font_size=&#8221;32px&#8221; header_5_font=&#8221;||||||||&#8221; text_orientation=&#8221;center&#8221; custom_margin=&#8221;||15px||false|false&#8221; locked=&#8221;off&#8221; global_colors_info=&#8221;{}&#8221;]<\/p>\n<p><strong>Bathroom door &#8211; Atelier Origine<\/strong><\/p>\n<p>[\/et_pb_text][\/et_pb_column][et_pb_column type=&#8221;1_3&#8243; _builder_version=&#8221;4.16&#8243; background_color=&#8221;#ffffff&#8221; custom_padding=&#8221;|||&#8221; global_colors_info=&#8221;{}&#8221; custom_padding__hover=&#8221;|||&#8221;][\/et_pb_column][et_pb_column type=&#8221;1_3&#8243; _builder_version=&#8221;4.16&#8243; background_color=&#8221;#ffffff&#8221; custom_padding=&#8221;|||&#8221; global_colors_info=&#8221;{}&#8221; custom_padding__hover=&#8221;|||&#8221;][\/et_pb_column][\/et_pb_row][et_pb_row _builder_version=&#8221;4.16&#8243; custom_margin=&#8221;|auto|-2px|auto||&#8221; global_colors_info=&#8221;{}&#8221;][et_pb_column type=&#8221;4_4&#8243; _builder_version=&#8221;4.16&#8243; custom_padding=&#8221;|||&#8221; global_colors_info=&#8221;{}&#8221; custom_padding__hover=&#8221;|||&#8221;][et_pb_text _builder_version=&#8221;4.18.0&#8243; text_text_color=&#8221;#898f99&#8243; header_font=&#8221;|600|||||||&#8221; header_2_font=&#8221;Lato|700|||||||&#8221; header_2_font_size=&#8221;42px&#8221; header_2_line_height=&#8221;1.5em&#8221; header_3_font=&#8221;||||||||&#8221; text_orientation=&#8221;center&#8221; max_width=&#8221;800px&#8221; module_alignment=&#8221;center&#8221; hover_enabled=&#8221;0&#8243; global_colors_info=&#8221;{}&#8221; sticky_enabled=&#8221;0&#8243;]<\/p>\n<h1 style=\"text-align: center;\">Epoxy flooring<\/h1>\n<p style=\"text-align: center;\"><span>Epoxy is an affordable product that gives phenomenal results.<\/span><\/p>\n<p>[\/et_pb_text][\/et_pb_column][\/et_pb_row][et_pb_row _builder_version=&#8221;4.16&#8243; _module_preset=&#8221;default&#8221; custom_padding=&#8221;3px|||||&#8221; locked=&#8221;off&#8221; global_colors_info=&#8221;{}&#8221;][et_pb_column type=&#8221;4_4&#8243; _builder_version=&#8221;4.16&#8243; _module_preset=&#8221;default&#8221; global_colors_info=&#8221;{}&#8221;][et_pb_gallery gallery_ids=&#8221;908,910,912,914,916,918,920,922,924,926,928,930,932,934,936,938,940,942,944,946,948,950,952,954,956,958&#8243; posts_number=&#8221;8&#8243; db_images_per_row=&#8221;4&#8243; dbdb_version=&#8221;3.8.5&#8243; show_title_and_caption=&#8221;off&#8221; zoom_icon_color=&#8221;#FFFFFF&#8221; hover_overlay_color=&#8221;rgba(206,169,86,0.5)&#8221; hover_icon=&#8221;&#x50;||divi||400&#8243; _builder_version=&#8221;4.16&#8243; custom_margin=&#8221;||-20px||false|false&#8221; global_colors_info=&#8221;{}&#8221;][\/et_pb_gallery][\/et_pb_column][\/et_pb_row][\/et_pb_section]<\/p>\n","protected":false},"excerpt":{"rendered":"<p>Epoxy Project A new trend that breaks from the ordinary. Give a stunning look to your room or your garage, kitchen or bathroom floor. Add a touch of originality to your home or transform your commercial space into a splendid showroom.Our achievements with epoxy Epoxy is an affordable product that gives phenomenal results.Bathroom door &#8211; [&hellip;]<\/p>\n","protected":false},"author":2,"featured_media":0,"parent":0,"menu_order":0,"comment_status":"closed","ping_status":"closed","template":"","meta":{"_et_pb_use_builder":"on","_et_pb_old_content":"","_et_gb_content_width":"","footnotes":""},"class_list":["post-1018","page","type-page","status-publish","hentry"],"yoast_head":"<!-- This site is optimized with the Yoast SEO plugin v27.6 - https:\/\/yoast.com\/product\/yoast-seo-wordpress\/ -->\n<title>Epoxy flooring - Construction Master Design | Entrepreneur g\u00e9n\u00e9ral | R\u00e9sidentiel | Commercial | Planchers d&#039;\u00e9poxy | Industriel<\/title>\n<meta name=\"description\" content=\"Construction Master Design est une compagnie d\u2019exp\u00e9rience, de qualit\u00e9 et de confiance. Entrepreneur g\u00e9n\u00e9ral r\u00e9sidentiel et commercial vous assurant une excellente gestion budg\u00e9taire ainsi qu\u2019un suivi cons\u00e9quent et professionnel. Petit ou grand projet, soyez certain que nous serons \u00e0 vos c\u00f4t\u00e9s tout au long de celui-ci, ainsi que lors du suivi apr\u00e8s-vente qui est tout aussi important pour nous. Nous d\u00e9sirons votre satisfaction absolue et aspirons \u00e0 vous surprendre en tout point.\" \/>\n<meta name=\"robots\" content=\"index, follow, max-snippet:-1, max-image-preview:large, max-video-preview:-1\" \/>\n<link rel=\"canonical\" href=\"https:\/\/constructionmasterdesign.com\/en\/epoxy-flooring\/\" \/>\n<meta property=\"og:locale\" content=\"en_US\" \/>\n<meta property=\"og:type\" content=\"article\" \/>\n<meta property=\"og:title\" content=\"Epoxy flooring - Construction Master Design | Entrepreneur g\u00e9n\u00e9ral | R\u00e9sidentiel | Commercial | Planchers d&#039;\u00e9poxy | Industriel\" \/>\n<meta property=\"og:description\" content=\"Construction Master Design est une compagnie d\u2019exp\u00e9rience, de qualit\u00e9 et de confiance. Entrepreneur g\u00e9n\u00e9ral r\u00e9sidentiel et commercial vous assurant une excellente gestion budg\u00e9taire ainsi qu\u2019un suivi cons\u00e9quent et professionnel. Petit ou grand projet, soyez certain que nous serons \u00e0 vos c\u00f4t\u00e9s tout au long de celui-ci, ainsi que lors du suivi apr\u00e8s-vente qui est tout aussi important pour nous. Nous d\u00e9sirons votre satisfaction absolue et aspirons \u00e0 vous surprendre en tout point.\" \/>\n<meta property=\"og:url\" content=\"https:\/\/constructionmasterdesign.com\/en\/epoxy-flooring\/\" \/>\n<meta property=\"og:site_name\" content=\"Construction Master Design | Entrepreneur g\u00e9n\u00e9ral | R\u00e9sidentiel | Commercial | Planchers d&#039;\u00e9poxy | Industriel\" \/>\n<meta property=\"article:publisher\" content=\"https:\/\/www.facebook.com\/Construction-Master-Design-102760078108164\" \/>\n<meta property=\"article:modified_time\" content=\"2022-10-06T16:00:07+00:00\" \/>\n<meta property=\"og:image\" content=\"https:\/\/constructionmasterdesign.com\/wp-content\/uploads\/jessy-tom-construction-slider-home-01.jpg\" \/>\n\t<meta property=\"og:image:width\" content=\"1200\" \/>\n\t<meta property=\"og:image:height\" content=\"600\" \/>\n\t<meta property=\"og:image:type\" content=\"image\/jpeg\" \/>\n<meta name=\"twitter:card\" content=\"summary_large_image\" \/>\n<meta name=\"twitter:label1\" content=\"Est. reading time\" \/>\n\t<meta name=\"twitter:data1\" content=\"5 minutes\" \/>\n<script type=\"application\/ld+json\" class=\"yoast-schema-graph\">{\"@context\":\"https:\\\/\\\/schema.org\",\"@graph\":[{\"@type\":\"WebPage\",\"@id\":\"https:\\\/\\\/constructionmasterdesign.com\\\/en\\\/epoxy-flooring\\\/\",\"url\":\"https:\\\/\\\/constructionmasterdesign.com\\\/en\\\/epoxy-flooring\\\/\",\"name\":\"Epoxy flooring - Construction Master Design | Entrepreneur g\u00e9n\u00e9ral | R\u00e9sidentiel | Commercial | Planchers d&#039;\u00e9poxy | Industriel\",\"isPartOf\":{\"@id\":\"https:\\\/\\\/constructionmasterdesign.com\\\/#website\"},\"datePublished\":\"2021-02-10T20:22:03+00:00\",\"dateModified\":\"2022-10-06T16:00:07+00:00\",\"description\":\"Construction Master Design est une compagnie d\u2019exp\u00e9rience, de qualit\u00e9 et de confiance. Entrepreneur g\u00e9n\u00e9ral r\u00e9sidentiel et commercial vous assurant une excellente gestion budg\u00e9taire ainsi qu\u2019un suivi cons\u00e9quent et professionnel. Petit ou grand projet, soyez certain que nous serons \u00e0 vos c\u00f4t\u00e9s tout au long de celui-ci, ainsi que lors du suivi apr\u00e8s-vente qui est tout aussi important pour nous. Nous d\u00e9sirons votre satisfaction absolue et aspirons \u00e0 vous surprendre en tout point.\",\"breadcrumb\":{\"@id\":\"https:\\\/\\\/constructionmasterdesign.com\\\/en\\\/epoxy-flooring\\\/#breadcrumb\"},\"inLanguage\":\"en-US\",\"potentialAction\":[{\"@type\":\"ReadAction\",\"target\":[\"https:\\\/\\\/constructionmasterdesign.com\\\/en\\\/epoxy-flooring\\\/\"]}]},{\"@type\":\"BreadcrumbList\",\"@id\":\"https:\\\/\\\/constructionmasterdesign.com\\\/en\\\/epoxy-flooring\\\/#breadcrumb\",\"itemListElement\":[{\"@type\":\"ListItem\",\"position\":1,\"name\":\"Accueil\",\"item\":\"https:\\\/\\\/constructionmasterdesign.com\\\/en\\\/\"},{\"@type\":\"ListItem\",\"position\":2,\"name\":\"Epoxy flooring\"}]},{\"@type\":\"WebSite\",\"@id\":\"https:\\\/\\\/constructionmasterdesign.com\\\/#website\",\"url\":\"https:\\\/\\\/constructionmasterdesign.com\\\/\",\"name\":\"Construction Master Design | Entrepreneur g\u00e9n\u00e9ral | R\u00e9sidentiel | Commercial | Planchers d&#039;\u00e9poxy | Industriel\",\"description\":\"Construction Master Design est une compagnie d\u2019exp\u00e9rience, de qualit\u00e9 et de confiance. Entrepreneur g\u00e9n\u00e9ral r\u00e9sidentiel et commercial, vous assurant une excellente gestion budg\u00e9taire ainsi qu\u2019un suivi cons\u00e9quent et professionnel. Petit ou grand projet, soyez certain que nous serons \u00e0 vos c\u00f4t\u00e9s tout au long de celui-ci, ainsi que lors du suivi apr\u00e8s-vente qui est tout aussi important pour nous. Nous d\u00e9sirons votre satisfaction absolue et aspirons \u00e0 vous surprendre en tout point.\",\"publisher\":{\"@id\":\"https:\\\/\\\/constructionmasterdesign.com\\\/#organization\"},\"potentialAction\":[{\"@type\":\"SearchAction\",\"target\":{\"@type\":\"EntryPoint\",\"urlTemplate\":\"https:\\\/\\\/constructionmasterdesign.com\\\/?s={search_term_string}\"},\"query-input\":{\"@type\":\"PropertyValueSpecification\",\"valueRequired\":true,\"valueName\":\"search_term_string\"}}],\"inLanguage\":\"en-US\"},{\"@type\":\"Organization\",\"@id\":\"https:\\\/\\\/constructionmasterdesign.com\\\/#organization\",\"name\":\"Construction Master Design\",\"url\":\"https:\\\/\\\/constructionmasterdesign.com\\\/\",\"logo\":{\"@type\":\"ImageObject\",\"inLanguage\":\"en-US\",\"@id\":\"https:\\\/\\\/constructionmasterdesign.com\\\/#\\\/schema\\\/logo\\\/image\\\/\",\"url\":\"https:\\\/\\\/constructionmasterdesign.com\\\/wp-content\\\/uploads\\\/construction-master-design_Logo-Noir.jpg\",\"contentUrl\":\"https:\\\/\\\/constructionmasterdesign.com\\\/wp-content\\\/uploads\\\/construction-master-design_Logo-Noir.jpg\",\"width\":500,\"height\":238,\"caption\":\"Construction Master Design\"},\"image\":{\"@id\":\"https:\\\/\\\/constructionmasterdesign.com\\\/#\\\/schema\\\/logo\\\/image\\\/\"},\"sameAs\":[\"https:\\\/\\\/www.facebook.com\\\/Construction-Master-Design-102760078108164\"]}]}<\/script>\n<!-- \/ Yoast SEO plugin. -->","yoast_head_json":{"title":"Epoxy flooring - Construction Master Design | Entrepreneur g\u00e9n\u00e9ral | R\u00e9sidentiel | Commercial | Planchers d&#039;\u00e9poxy | Industriel","description":"Construction Master Design est une compagnie d\u2019exp\u00e9rience, de qualit\u00e9 et de confiance. Entrepreneur g\u00e9n\u00e9ral r\u00e9sidentiel et commercial vous assurant une excellente gestion budg\u00e9taire ainsi qu\u2019un suivi cons\u00e9quent et professionnel. Petit ou grand projet, soyez certain que nous serons \u00e0 vos c\u00f4t\u00e9s tout au long de celui-ci, ainsi que lors du suivi apr\u00e8s-vente qui est tout aussi important pour nous. Nous d\u00e9sirons votre satisfaction absolue et aspirons \u00e0 vous surprendre en tout point.","robots":{"index":"index","follow":"follow","max-snippet":"max-snippet:-1","max-image-preview":"max-image-preview:large","max-video-preview":"max-video-preview:-1"},"canonical":"https:\/\/constructionmasterdesign.com\/en\/epoxy-flooring\/","og_locale":"en_US","og_type":"article","og_title":"Epoxy flooring - Construction Master Design | Entrepreneur g\u00e9n\u00e9ral | R\u00e9sidentiel | Commercial | Planchers d&#039;\u00e9poxy | Industriel","og_description":"Construction Master Design est une compagnie d\u2019exp\u00e9rience, de qualit\u00e9 et de confiance. Entrepreneur g\u00e9n\u00e9ral r\u00e9sidentiel et commercial vous assurant une excellente gestion budg\u00e9taire ainsi qu\u2019un suivi cons\u00e9quent et professionnel. Petit ou grand projet, soyez certain que nous serons \u00e0 vos c\u00f4t\u00e9s tout au long de celui-ci, ainsi que lors du suivi apr\u00e8s-vente qui est tout aussi important pour nous. Nous d\u00e9sirons votre satisfaction absolue et aspirons \u00e0 vous surprendre en tout point.","og_url":"https:\/\/constructionmasterdesign.com\/en\/epoxy-flooring\/","og_site_name":"Construction Master Design | Entrepreneur g\u00e9n\u00e9ral | R\u00e9sidentiel | Commercial | Planchers d&#039;\u00e9poxy | Industriel","article_publisher":"https:\/\/www.facebook.com\/Construction-Master-Design-102760078108164","article_modified_time":"2022-10-06T16:00:07+00:00","og_image":[{"width":1200,"height":600,"url":"https:\/\/constructionmasterdesign.com\/wp-content\/uploads\/jessy-tom-construction-slider-home-01.jpg","type":"image\/jpeg"}],"twitter_card":"summary_large_image","twitter_misc":{"Est. reading time":"5 minutes"},"schema":{"@context":"https:\/\/schema.org","@graph":[{"@type":"WebPage","@id":"https:\/\/constructionmasterdesign.com\/en\/epoxy-flooring\/","url":"https:\/\/constructionmasterdesign.com\/en\/epoxy-flooring\/","name":"Epoxy flooring - Construction Master Design | Entrepreneur g\u00e9n\u00e9ral | R\u00e9sidentiel | Commercial | Planchers d&#039;\u00e9poxy | Industriel","isPartOf":{"@id":"https:\/\/constructionmasterdesign.com\/#website"},"datePublished":"2021-02-10T20:22:03+00:00","dateModified":"2022-10-06T16:00:07+00:00","description":"Construction Master Design est une compagnie d\u2019exp\u00e9rience, de qualit\u00e9 et de confiance. Entrepreneur g\u00e9n\u00e9ral r\u00e9sidentiel et commercial vous assurant une excellente gestion budg\u00e9taire ainsi qu\u2019un suivi cons\u00e9quent et professionnel. Petit ou grand projet, soyez certain que nous serons \u00e0 vos c\u00f4t\u00e9s tout au long de celui-ci, ainsi que lors du suivi apr\u00e8s-vente qui est tout aussi important pour nous. Nous d\u00e9sirons votre satisfaction absolue et aspirons \u00e0 vous surprendre en tout point.","breadcrumb":{"@id":"https:\/\/constructionmasterdesign.com\/en\/epoxy-flooring\/#breadcrumb"},"inLanguage":"en-US","potentialAction":[{"@type":"ReadAction","target":["https:\/\/constructionmasterdesign.com\/en\/epoxy-flooring\/"]}]},{"@type":"BreadcrumbList","@id":"https:\/\/constructionmasterdesign.com\/en\/epoxy-flooring\/#breadcrumb","itemListElement":[{"@type":"ListItem","position":1,"name":"Accueil","item":"https:\/\/constructionmasterdesign.com\/en\/"},{"@type":"ListItem","position":2,"name":"Epoxy flooring"}]},{"@type":"WebSite","@id":"https:\/\/constructionmasterdesign.com\/#website","url":"https:\/\/constructionmasterdesign.com\/","name":"Construction Master Design | Entrepreneur g\u00e9n\u00e9ral | R\u00e9sidentiel | Commercial | Planchers d&#039;\u00e9poxy | Industriel","description":"Construction Master Design est une compagnie d\u2019exp\u00e9rience, de qualit\u00e9 et de confiance. Entrepreneur g\u00e9n\u00e9ral r\u00e9sidentiel et commercial, vous assurant une excellente gestion budg\u00e9taire ainsi qu\u2019un suivi cons\u00e9quent et professionnel. Petit ou grand projet, soyez certain que nous serons \u00e0 vos c\u00f4t\u00e9s tout au long de celui-ci, ainsi que lors du suivi apr\u00e8s-vente qui est tout aussi important pour nous. Nous d\u00e9sirons votre satisfaction absolue et aspirons \u00e0 vous surprendre en tout point.","publisher":{"@id":"https:\/\/constructionmasterdesign.com\/#organization"},"potentialAction":[{"@type":"SearchAction","target":{"@type":"EntryPoint","urlTemplate":"https:\/\/constructionmasterdesign.com\/?s={search_term_string}"},"query-input":{"@type":"PropertyValueSpecification","valueRequired":true,"valueName":"search_term_string"}}],"inLanguage":"en-US"},{"@type":"Organization","@id":"https:\/\/constructionmasterdesign.com\/#organization","name":"Construction Master Design","url":"https:\/\/constructionmasterdesign.com\/","logo":{"@type":"ImageObject","inLanguage":"en-US","@id":"https:\/\/constructionmasterdesign.com\/#\/schema\/logo\/image\/","url":"https:\/\/constructionmasterdesign.com\/wp-content\/uploads\/construction-master-design_Logo-Noir.jpg","contentUrl":"https:\/\/constructionmasterdesign.com\/wp-content\/uploads\/construction-master-design_Logo-Noir.jpg","width":500,"height":238,"caption":"Construction Master Design"},"image":{"@id":"https:\/\/constructionmasterdesign.com\/#\/schema\/logo\/image\/"},"sameAs":["https:\/\/www.facebook.com\/Construction-Master-Design-102760078108164"]}]}},"_links":{"self":[{"href":"https:\/\/constructionmasterdesign.com\/en\/wp-json\/wp\/v2\/pages\/1018","targetHints":{"allow":["GET"]}}],"collection":[{"href":"https:\/\/constructionmasterdesign.com\/en\/wp-json\/wp\/v2\/pages"}],"about":[{"href":"https:\/\/constructionmasterdesign.com\/en\/wp-json\/wp\/v2\/types\/page"}],"author":[{"embeddable":true,"href":"https:\/\/constructionmasterdesign.com\/en\/wp-json\/wp\/v2\/users\/2"}],"replies":[{"embeddable":true,"href":"https:\/\/constructionmasterdesign.com\/en\/wp-json\/wp\/v2\/comments?post=1018"}],"version-history":[{"count":7,"href":"https:\/\/constructionmasterdesign.com\/en\/wp-json\/wp\/v2\/pages\/1018\/revisions"}],"predecessor-version":[{"id":1505,"href":"https:\/\/constructionmasterdesign.com\/en\/wp-json\/wp\/v2\/pages\/1018\/revisions\/1505"}],"wp:attachment":[{"href":"https:\/\/constructionmasterdesign.com\/en\/wp-json\/wp\/v2\/media?parent=1018"}],"curies":[{"name":"wp","href":"https:\/\/api.w.org\/{rel}","templated":true}]}}